{"id":10828,"date":"2025-08-01T09:30:59","date_gmt":"2025-08-01T07:30:59","guid":{"rendered":"https:\/\/www.antike-am-koenigsplatz.mwn.de\/?page_id=10828"},"modified":"2026-01-30T14:13:22","modified_gmt":"2026-01-30T13:13:22","slug":"about-us","status":"publish","type":"page","link":"https:\/\/www.antike-am-koenigsplatz.mwn.de\/en\/about-us\/","title":{"rendered":"About us"},"content":{"rendered":"\n<p><\/p>\n\n\n\n<h2 class=\"gb-text AAK_Headline\">Profile<\/h2>\n\n\n\n<p>The two buildings on Munich&#8217;s K\u00f6nigsplatz are among the world&#8217;s leading museums of ancient art. Here, Greek, Roman and Etruscan masterpieces can be experienced in a quality and abundance that can otherwise only be found in a few places in the world \u2013 in Berlin, Paris, London or New York.<\/p>\n\n\n\n<p>The setting in which these unique collections are presented is also extraordinary. The classicist buildings on K\u00f6nigsplatz were all built on the initiative of the Bavarian King Ludwig I (1786\u20131868). In true antique style, all three buildings \u2013 the Glyptothek, the Antiquities Collection and the Propylaea \u2013 are richly decorated with sculptural architectural ornamentation.<\/p>\n\n\n\n<p>A visit to the museums on K\u00f6nigsplatz therefore offers a unique opportunity to enjoy ancient works of art in an architectural setting that grew out of the enthusiasm for antiquity in European classicism in the late 18th and early 19th centuries. The Antiquities Collections and the Glyptothek thus form the historical core of Munich&#8217;s art district.<\/p>\n\n\n<div class=\"wp-block-image mein-schatten\">\n<figure class=\"aligncenter size-large is-resized\"><img loading=\"lazy\" decoding=\"async\" width=\"1024\" height=\"427\" src=\"https:\/\/www.antike-am-koenigsplatz.mwn.de\/wp-content\/uploads\/2025\/10\/46-1024x427.jpg\" alt=\"\" class=\"wp-image-10438\" style=\"width:800px\" srcset=\"https:\/\/www.antike-am-koenigsplatz.mwn.de\/wp-content\/uploads\/2025\/10\/46-1024x427.jpg 1024w, https:\/\/www.antike-am-koenigsplatz.mwn.de\/wp-content\/uploads\/2025\/10\/46-300x125.jpg 300w, https:\/\/www.antike-am-koenigsplatz.mwn.de\/wp-content\/uploads\/2025\/10\/46-768x320.jpg 768w, https:\/\/www.antike-am-koenigsplatz.mwn.de\/wp-content\/uploads\/2025\/10\/46-1536x640.jpg 1536w, https:\/\/www.antike-am-koenigsplatz.mwn.de\/wp-content\/uploads\/2025\/10\/46.jpg 1920w\" sizes=\"auto, (max-width: 1024px) 100vw, 1024px\" \/><figcaption class=\"wp-element-caption\">East gable group of the temple of Aegina. Photo: National Archaeological Museum and Glyptothek<\/figcaption><\/figure>\n<\/div>\n\n\n<div style=\"height:30px\" aria-hidden=\"true\" class=\"wp-block-spacer\"><\/div>\n\n\n\n<p><strong>Exhibitions <\/strong>and <strong>events <\/strong>shape the public perception of museums. Permanent exhibitions present a representative cross-section of the museum&#8217;s own collections. In changing special exhibitions, selected objects, sometimes supplemented by loans, are presented in ever-changing thematic contexts.<\/p>\n\n\n\n<p><strong>Education <\/strong>and <strong>outreach <\/strong>in various forms and for different target groups are fundamental components of museum work. However, a significant part of the original tasks of museums usually remains hidden from the public: <strong>collecting, preserving <\/strong>and <strong>researching<\/strong>. The results of the work in these areas form the basis for exhibiting and outreach.<\/p>\n\n\n\n<div style=\"height:30px\" aria-hidden=\"true\" class=\"wp-block-spacer\"><\/div>\n\n\n\n<h2 class=\"gb-text AAK_Headline\">Staff<\/h2>\n\n\n\n<div class=\"wp-block-columns is-layout-flex wp-container-core-columns-is-layout-9d6595d7 wp-block-columns-is-layout-flex\">\n<div class=\"wp-block-column is-layout-flow wp-block-column-is-layout-flow\">\n<p><strong>Senior Collection Director<br><\/strong>Dr. Florian S. Knau\u00df<\/p>\n\n\n\n<p><strong>Conservators and scientific staff<br><\/strong>Dr. Christian Gliwitzky, Deputy Director of Collections<br>Dr. J\u00f6rg Gebauer<br>Prof. Dr. Oliver H\u00fclden<br>Dr. Markus L\u00f6x<\/p>\n\n\n\n<p><strong>Administration<br><\/strong>Gregor Lindermayr, Manager<br>Natalya Sholts, Deputy Manager<br>Jannis Zyganitidis, Secretarial Office<\/p>\n<\/div>\n\n\n\n<div class=\"wp-block-column is-layout-flow wp-block-column-is-layout-flow\">\n<p><strong>Building services<br><\/strong>Iuri Mastromatteo<\/p>\n\n\n\n<p><strong>Photograph<br><\/strong>Wolfram Kastl<\/p>\n\n\n\n<p>R<strong>estorers<\/strong><br>Flavio Bertolin<br>Olaf Herzog<br>Sandra Kaiser<br>Lena Rintelen<br>Hagen Schaaff<\/p>\n<\/div>\n<\/div>\n","protected":false},"excerpt":{"rendered":"<p>Profile The two buildings on Munich&#8217;s K\u00f6nigsplatz are among the world&#8217;s leading museums of ancient art. Here, Greek, Roman and Etruscan masterpieces can be experienced in a quality and abundance that can otherwise only be found in a few places in the world \u2013 in Berlin, Paris, London or New York. The setting in which &#8230; <a title=\"About us\" class=\"read-more\" href=\"https:\/\/www.antike-am-koenigsplatz.mwn.de\/en\/about-us\/\" aria-label=\"Read more about About us\">Read more<\/a><\/p>\n","protected":false},"author":1,"featured_media":8344,"parent":0,"menu_order":0,"comment_status":"closed","ping_status":"closed","template":"","meta":{"_acf_changed":false,"_tec_requires_first_save":true,"_EventAllDay":false,"_EventTimezone":"","_EventStartDate":"","_EventEndDate":"","_EventStartDateUTC":"","_EventEndDateUTC":"","_EventShowMap":false,"_EventShowMapLink":false,"_EventURL":"","_EventCost":"","_EventCostDescription":"","_EventCurrencySymbol":"","_EventCurrencyCode":"","_EventCurrencyPosition":"","_EventDateTimeSeparator":"","_EventTimeRangeSeparator":"","_EventOrganizerID":[],"_EventVenueID":[],"_OrganizerEmail":"","_OrganizerPhone":"","_OrganizerWebsite":"","_VenueAddress":"","_VenueCity":"","_VenueCountry":"","_VenueProvince":"","_VenueState":"","_VenueZip":"","_VenuePhone":"","_VenueURL":"","_VenueStateProvince":"","_VenueLat":"","_VenueLng":"","_VenueShowMap":false,"_VenueShowMapLink":false,"_tribe_blocks_recurrence_rules":"","_tribe_blocks_recurrence_description":"","_tribe_blocks_recurrence_exclusions":"","footnotes":""},"class_list":["post-10828","page","type-page","status-publish","has-post-thumbnail"],"acf":[],"_links":{"self":[{"href":"https:\/\/www.antike-am-koenigsplatz.mwn.de\/en\/wp-json\/wp\/v2\/pages\/10828","targetHints":{"allow":["GET"]}}],"collection":[{"href":"https:\/\/www.antike-am-koenigsplatz.mwn.de\/en\/wp-json\/wp\/v2\/pages"}],"about":[{"href":"https:\/\/www.antike-am-koenigsplatz.mwn.de\/en\/wp-json\/wp\/v2\/types\/page"}],"author":[{"embeddable":true,"href":"https:\/\/www.antike-am-koenigsplatz.mwn.de\/en\/wp-json\/wp\/v2\/users\/1"}],"replies":[{"embeddable":true,"href":"https:\/\/www.antike-am-koenigsplatz.mwn.de\/en\/wp-json\/wp\/v2\/comments?post=10828"}],"version-history":[{"count":3,"href":"https:\/\/www.antike-am-koenigsplatz.mwn.de\/en\/wp-json\/wp\/v2\/pages\/10828\/revisions"}],"predecessor-version":[{"id":12236,"href":"https:\/\/www.antike-am-koenigsplatz.mwn.de\/en\/wp-json\/wp\/v2\/pages\/10828\/revisions\/12236"}],"wp:featuredmedia":[{"embeddable":true,"href":"https:\/\/www.antike-am-koenigsplatz.mwn.de\/en\/wp-json\/wp\/v2\/media\/8344"}],"wp:attachment":[{"href":"https:\/\/www.antike-am-koenigsplatz.mwn.de\/en\/wp-json\/wp\/v2\/media?parent=10828"}],"curies":[{"name":"wp","href":"https:\/\/api.w.org\/{rel}","templated":true}]}}